{"id":172091,"date":"2026-05-01T13:05:50","date_gmt":"2026-05-01T17:05:50","guid":{"rendered":"https:\/\/cag-acg.info\/?page_id=172091"},"modified":"2026-05-02T15:08:15","modified_gmt":"2026-05-02T19:08:15","slug":"board","status":"publish","type":"page","link":"https:\/\/cag-acg.info\/fr\/board\/","title":{"rendered":"Our Board Members"},"content":{"rendered":"<div class=\"wpb-content-wrapper\"><div data-parent=\"true\" class=\"vc_row row-container\" id=\"row-unique-0\"><div class=\"row-background background-element\">\n\t\t\t\t\t\t\t\t\t\t\t<div class=\"background-wrapper\">\n\t\t\t\t\t\t\t\t\t\t\t\t<div class=\"background-inner\" style=\"background-image: url(https:\/\/cag-acg.info\/wp-content\/uploads\/2026\/04\/e0q62smztqu.jpg);background-repeat: no-repeat;background-position: center center;background-attachment: scroll;background-size: cover;\"><\/div>\n\t\t\t\t\t\t\t\t\t\t\t\t<div class=\"block-bg-overlay style-color-navy-bg\" style=\"opacity: 0.5;\"><\/div>\n\t\t\t\t\t\t\t\t\t\t\t<\/div>\n\t\t\t\t\t\t\t\t\t\t<\/div><div class=\"row triple-top-padding triple-bottom-padding quad-h-padding full-width row-parent\"><div class=\"wpb_row row-inner\"><div class=\"wpb_column pos-top pos-center align_left column_parent col-lg-12 half-internal-gutter\"><div class=\"uncol style-spec style-dark\"  ><div class=\"uncoltable\"><div class=\"uncell no-block-padding\" ><div class=\"uncont\" ><div class=\"vc_custom_heading_wrap\"><div class=\"heading-text el-text\" ><h1 class=\"h4 text-uppercase\" ><span>Our Board Members<\/span><\/h1><\/div><div class=\"clear\"><\/div><\/div><div class=\"vc_custom_heading_wrap\"><div class=\"heading-text el-text\" ><h1 class=\"h1\" ><span>Guiding the direction of the CAG<\/span><\/h1><\/div><div class=\"clear\"><\/div><\/div><\/div><\/div><\/div><\/div><\/div><script id=\"script-row-unique-0\" data-row=\"script-row-unique-0\" type=\"text\/javascript\" class=\"vc_controls\">UNCODE.initRow(document.getElementById(\"row-unique-0\"));<\/script><\/div><\/div><\/div><div data-parent=\"true\" class=\"vc_row row-container\" id=\"row-unique-1\"><div class=\"row-background background-element\">\n\t\t\t\t\t\t\t\t\t\t\t<div class=\"background-wrapper\">\n\t\t\t\t\t\t\t\t\t\t\t\t<div class=\"background-inner\" style=\"background-image: url(https:\/\/cag-acg.info\/wp-content\/uploads\/2026\/04\/topography-1.png);background-repeat: repeat;background-position: center center;background-attachment: scroll;background-size: 30%;\"><\/div>\n\t\t\t\t\t\t\t\t\t\t\t\t<div class=\"block-bg-overlay style-color-xsdn-bg\" style=\"opacity: 0.4;\"><\/div>\n\t\t\t\t\t\t\t\t\t\t\t<\/div>\n\t\t\t\t\t\t\t\t\t\t<\/div><div class=\"row unequal col-double-gutter triple-top-padding one-bottom-padding exa-h-padding full-width row-parent\"><div class=\"wpb_row row-inner\"><div class=\"wpb_column pos-middle pos-center align_left column_parent col-lg-12 half-internal-gutter\"><div class=\"uncol style-light\"  ><div class=\"uncoltable\"><div class=\"uncell no-block-padding\" ><div class=\"uncont\" ><div class=\"vc_custom_heading_wrap\"><div class=\"heading-text el-text\" ><h1 class=\"h4 text-uppercase\" ><span><\/p><\/span><span><h4 style=\"text-align: center;\">Board Executive<\/h4><\/span><span><p><\/span><\/h1><\/div><div class=\"clear\"><\/div><\/div><div class=\"uncode_text_column\" ><\/p>\n<h4>The Board of Directors of the Canadian Association of Geographers (CAG) provides strategic leadership, governance, and oversight for the organization. Comprised of elected officers and representatives from across Canada, the Board reflects the diversity of the geographic community, including scholars, educators, students, and professionals working in public, private, and non-profit sectors.<\/h4>\n<p>The Board is responsible for guiding the Association\u2019s mission to advance the study and application of geography, promote research and education, and support a national network of geographers. Through collaboration with committees, regional divisions, and members, the Board ensures that the CAG remains responsive to emerging social, environmental, and scientific challenges.<\/p>\n<p>Key responsibilities of the Board include setting organizational priorities, supporting conferences and initiatives, recognizing excellence in geography, and fostering equity, diversity, inclusion, and accessibility within the discipline<\/p>\n<\/div><\/div><\/div><\/div><\/div><\/div><script id=\"script-row-unique-1\" data-row=\"script-row-unique-1\" type=\"text\/javascript\" class=\"vc_controls\">UNCODE.initRow(document.getElementById(\"row-unique-1\"));<\/script><\/div><\/div><\/div><div data-parent=\"true\" class=\"vc_row row-container\" id=\"row-unique-2\"><div class=\"row-background background-element\">\n\t\t\t\t\t\t\t\t\t\t\t<div class=\"background-wrapper\">\n\t\t\t\t\t\t\t\t\t\t\t\t<div class=\"background-inner\" style=\"background-image: url(https:\/\/cag-acg.info\/wp-content\/uploads\/2026\/04\/topography-1.png);background-repeat: repeat;background-position: center center;background-attachment: scroll;background-size: 30%;\"><\/div>\n\t\t\t\t\t\t\t\t\t\t\t\t<div class=\"block-bg-overlay style-color-xsdn-bg\" style=\"opacity: 0.4;\"><\/div>\n\t\t\t\t\t\t\t\t\t\t\t<\/div>\n\t\t\t\t\t\t\t\t\t\t<\/div><div class=\"row unequal col-double-gutter triple-top-padding single-bottom-padding exa-h-padding full-width row-parent\"><div class=\"wpb_row row-inner\"><div class=\"wpb_column pos-middle pos-center align_left column_parent col-lg-12 half-internal-gutter\"><div class=\"uncol style-light\"  ><div class=\"uncoltable\"><div class=\"uncell no-block-padding\" ><div class=\"uncont\" ><div class=\"uncode_text_column\" ><div class=\"tmm tmm_board-executive\"><div class=\"tmm_3_columns tmm_wrap tmm_plugin_f\"><span class=\"tmm_two_containers_tablet\"><\/span><div class=\"tmm_container\"><div class=\"tmm_member\" style=\"border-top:#333333 solid 5px;\"><div class=\"tmm_photo tmm_pic_board-executive_0\" style=\"background: url(https:\/\/cag-acg.info\/wp-content\/uploads\/2026\/05\/image-profile.webp); margin-left: auto; margin-right:auto; background-size:cover !important;\"><\/div><div class=\"tmm_textblock\"><div class=\"tmm_names\"><span class=\"tmm_fname\">Susan<\/span> <span class=\"tmm_lname\">Elliott<\/span><\/div><div class=\"tmm_job\">President (2024-2026)<\/div><div class=\"tmm_desc\" style=\"text-align:\"><p><span style=\"color: #484d56;font-family: tahoma, tahoma-w01-regular, tahoma-w02-regular, tahoma-w10-regular, tahoma-w15--regular, tahoma-w99-regular, sans-serif\">University of Waterloo<\/span><\/p><\/div><div class=\"tmm_scblock\"><\/div><\/div><\/div><div class=\"tmm_member\" style=\"border-top:#333333 solid 5px;\"><div class=\"tmm_photo tmm_pic_board-executive_1\" style=\"background: url(https:\/\/cag-acg.info\/wp-content\/uploads\/2026\/05\/image-profile.webp); margin-left: auto; margin-right:auto; background-size:cover !important;\"><\/div><div class=\"tmm_textblock\"><div class=\"tmm_names\"><span class=\"tmm_fname\">Evan<\/span> <span class=\"tmm_lname\">Cleave<\/span><\/div><div class=\"tmm_job\">Vice-President (2025-2026)<\/div><div class=\"tmm_desc\" style=\"text-align:\"><p><span class=\"wixui-rich-text__text\">Toronto Metropolitan <\/span><span class=\"wixui-rich-text__text\">University<\/span><\/p><\/div><div class=\"tmm_scblock\"><\/div><\/div><\/div><span class=\"tmm_two_containers_tablet\"><\/span><div class=\"tmm_member\" style=\"border-top:#333333 solid 5px;\"><div class=\"tmm_photo tmm_pic_board-executive_2\" style=\"background: url(https:\/\/cag-acg.info\/wp-content\/uploads\/2026\/05\/image-profile.webp); margin-left: auto; margin-right:auto; background-size:cover !important;\"><\/div><div class=\"tmm_textblock\"><div class=\"tmm_names\"><span class=\"tmm_fname\">Derrek<\/span> <span class=\"tmm_lname\">Eberts<\/span><\/div><div class=\"tmm_job\">(2023-2026)<\/div><div class=\"tmm_desc\" style=\"text-align:\"><p>Luther College, University of Regina<\/p><\/div><div class=\"tmm_scblock\"><\/div><\/div><\/div><div style=\"clear:both;\"><\/div><\/div><\/div><\/div>\n<\/div><\/div><\/div><\/div><\/div><\/div><script id=\"script-row-unique-2\" data-row=\"script-row-unique-2\" type=\"text\/javascript\" class=\"vc_controls\">UNCODE.initRow(document.getElementById(\"row-unique-2\"));<\/script><\/div><\/div><\/div><div data-parent=\"true\" class=\"vc_row row-container\" id=\"row-unique-3\"><div class=\"row-background background-element\">\n\t\t\t\t\t\t\t\t\t\t\t<div class=\"background-wrapper\">\n\t\t\t\t\t\t\t\t\t\t\t\t<div class=\"background-inner\" style=\"background-image: url(https:\/\/cag-acg.info\/wp-content\/uploads\/2026\/04\/topography-1.png);background-repeat: repeat;background-position: center center;background-attachment: scroll;background-size: 30%;\"><\/div>\n\t\t\t\t\t\t\t\t\t\t\t\t<div class=\"block-bg-overlay style-color-xsdn-bg\" style=\"opacity: 0.4;\"><\/div>\n\t\t\t\t\t\t\t\t\t\t\t<\/div>\n\t\t\t\t\t\t\t\t\t\t<\/div><div class=\"row unequal col-double-gutter one-top-padding one-bottom-padding exa-h-padding full-width row-parent\"><div class=\"wpb_row row-inner\"><div class=\"wpb_column pos-middle pos-center align_left column_parent col-lg-12 half-internal-gutter\"><div class=\"uncol style-light\"  ><div class=\"uncoltable\"><div class=\"uncell no-block-padding\" ><div class=\"uncont\" ><div class=\"vc_custom_heading_wrap\"><div class=\"heading-text el-text\" ><h1 class=\"h4 text-uppercase\" ><span><\/p><\/span><span><h4 style=\"text-align: center;\">Regional Division Representatives<\/h4><\/span><span><p><\/span><\/h1><\/div><div class=\"clear\"><\/div><\/div><\/div><\/div><\/div><\/div><\/div><script id=\"script-row-unique-3\" data-row=\"script-row-unique-3\" type=\"text\/javascript\" class=\"vc_controls\">UNCODE.initRow(document.getElementById(\"row-unique-3\"));<\/script><\/div><\/div><\/div><div data-parent=\"true\" class=\"vc_row row-container\" id=\"row-unique-4\"><div class=\"row-background background-element\">\n\t\t\t\t\t\t\t\t\t\t\t<div class=\"background-wrapper\">\n\t\t\t\t\t\t\t\t\t\t\t\t<div class=\"background-inner\" style=\"background-image: url(https:\/\/cag-acg.info\/wp-content\/uploads\/2026\/04\/topography-1.png);background-repeat: repeat;background-position: center center;background-attachment: scroll;background-size: 30%;\"><\/div>\n\t\t\t\t\t\t\t\t\t\t\t\t<div class=\"block-bg-overlay style-color-xsdn-bg\" style=\"opacity: 0.4;\"><\/div>\n\t\t\t\t\t\t\t\t\t\t\t<\/div>\n\t\t\t\t\t\t\t\t\t\t<\/div><div class=\"row unequal col-double-gutter triple-top-padding single-bottom-padding exa-h-padding full-width row-parent\"><div class=\"wpb_row row-inner\"><div class=\"wpb_column pos-middle pos-center align_left column_parent col-lg-12 half-internal-gutter\"><div class=\"uncol style-light\"  ><div class=\"uncoltable\"><div class=\"uncell no-block-padding\" ><div class=\"uncont\" ><div class=\"uncode_text_column\" ><div class=\"tmm tmm_regional-division-representatives\"><div class=\"tmm_3_columns tmm_wrap tmm_plugin_f\"><span class=\"tmm_two_containers_tablet\"><\/span><div class=\"tmm_container\"><div class=\"tmm_member\" style=\"border-top:#333333 solid 5px;\"><div class=\"tmm_photo tmm_pic_regional-division-representatives_0\" style=\"background: url(https:\/\/cag-acg.info\/wp-content\/uploads\/2026\/05\/image-profile.webp); margin-left: auto; margin-right:auto; background-size:cover !important;\"><\/div><div class=\"tmm_textblock\"><div class=\"tmm_names\"><span class=\"tmm_fname\">Peter<\/span> <span class=\"tmm_lname\">Bush<\/span><\/div><div class=\"tmm_job\">Atlantic Division President (2025-2027) <\/div><div class=\"tmm_desc\" style=\"text-align:\"><p>Saint Mary's University<\/p><\/div><div class=\"tmm_scblock\"><\/div><\/div><\/div><div class=\"tmm_member\" style=\"border-top:#333333 solid 5px;\"><div class=\"tmm_photo tmm_pic_regional-division-representatives_1\" style=\"background: url(https:\/\/cag-acg.info\/wp-content\/uploads\/2026\/05\/image-profile.webp); margin-left: auto; margin-right:auto; background-size:cover !important;\"><\/div><div class=\"tmm_textblock\"><div class=\"tmm_names\"><span class=\"tmm_fname\">Jennifer<\/span> <span class=\"tmm_lname\">Mateer<\/span><\/div><div class=\"tmm_job\">Prairie Division Representative (2025-2027)<\/div><div class=\"tmm_desc\" style=\"text-align:\"><p>Brandon University<\/p><\/div><div class=\"tmm_scblock\"><\/div><\/div><\/div><span class=\"tmm_two_containers_tablet\"><\/span><div class=\"tmm_member\" style=\"border-top:#333333 solid 5px;\"><div class=\"tmm_photo tmm_pic_regional-division-representatives_2\" style=\"background: url(https:\/\/cag-acg.info\/wp-content\/uploads\/2026\/05\/image-profile.webp); margin-left: auto; margin-right:auto; background-size:cover !important;\"><\/div><div class=\"tmm_textblock\"><div class=\"tmm_names\"><span class=\"tmm_fname\">\u00c9tienne<\/span> <span class=\"tmm_lname\">Gari\u00e9py-Girouard<\/span><\/div><div class=\"tmm_job\">Qu\u00e9bec Division President (2025-2028)<\/div><div class=\"tmm_desc\" style=\"text-align:\"><p>Universit\u00e9 du Qu\u00e9bec \u00e0 Montr<\/p><\/div><div class=\"tmm_scblock\"><\/div><\/div><\/div><\/div><span class=\"tmm_columns_containers_desktop\"><\/span><div class=\"tmm_container\"><div class=\"tmm_member\" style=\"border-top:#333333 solid 5px;\"><div class=\"tmm_photo tmm_pic_regional-division-representatives_3\" style=\"background: url(https:\/\/cag-acg.info\/wp-content\/uploads\/2026\/05\/image-profile.webp); margin-left: auto; margin-right:auto; background-size:cover !important;\"><\/div><div class=\"tmm_textblock\"><div class=\"tmm_names\"><span class=\"tmm_fname\">Shannon<\/span> <span class=\"tmm_lname\">Fargey<\/span><\/div><div class=\"tmm_job\">Western Division President (2025-2027)<\/div><div class=\"tmm_desc\" style=\"text-align:\"><p>University of Victoria<\/p><\/div><div class=\"tmm_scblock\"><\/div><\/div><\/div><div style=\"clear:both;\"><\/div><\/div><\/div><\/div>\n<\/div><\/div><\/div><\/div><\/div><\/div><script id=\"script-row-unique-4\" data-row=\"script-row-unique-4\" type=\"text\/javascript\" class=\"vc_controls\">UNCODE.initRow(document.getElementById(\"row-unique-4\"));<\/script><\/div><\/div><\/div><div data-parent=\"true\" class=\"vc_row row-container\" id=\"row-unique-5\"><div class=\"row-background background-element\">\n\t\t\t\t\t\t\t\t\t\t\t<div class=\"background-wrapper\">\n\t\t\t\t\t\t\t\t\t\t\t\t<div class=\"background-inner\" style=\"background-image: url(https:\/\/cag-acg.info\/wp-content\/uploads\/2026\/04\/topography-1.png);background-repeat: repeat;background-position: center center;background-attachment: scroll;background-size: 30%;\"><\/div>\n\t\t\t\t\t\t\t\t\t\t\t\t<div class=\"block-bg-overlay style-color-xsdn-bg\" style=\"opacity: 0.4;\"><\/div>\n\t\t\t\t\t\t\t\t\t\t\t<\/div>\n\t\t\t\t\t\t\t\t\t\t<\/div><div class=\"row unequal col-double-gutter one-top-padding one-bottom-padding exa-h-padding full-width row-parent\"><div class=\"wpb_row row-inner\"><div class=\"wpb_column pos-middle pos-center align_left column_parent col-lg-12 half-internal-gutter\"><div class=\"uncol style-light\"  ><div class=\"uncoltable\"><div class=\"uncell no-block-padding\" ><div class=\"uncont\" ><div class=\"vc_custom_heading_wrap\"><div class=\"heading-text el-text\" ><h1 class=\"h4 text-uppercase\" ><span>Membres du conseil<\/span><\/h1><\/div><div class=\"clear\"><\/div><\/div><\/div><\/div><\/div><\/div><\/div><script id=\"script-row-unique-5\" data-row=\"script-row-unique-5\" type=\"text\/javascript\" class=\"vc_controls\">UNCODE.initRow(document.getElementById(\"row-unique-5\"));<\/script><\/div><\/div><\/div><div data-parent=\"true\" class=\"vc_row row-container\" id=\"row-unique-6\"><div class=\"row-background background-element\">\n\t\t\t\t\t\t\t\t\t\t\t<div class=\"background-wrapper\">\n\t\t\t\t\t\t\t\t\t\t\t\t<div class=\"background-inner\" style=\"background-image: url(https:\/\/cag-acg.info\/wp-content\/uploads\/2026\/04\/topography-1.png);background-repeat: repeat;background-position: center center;background-attachment: scroll;background-size: 30%;\"><\/div>\n\t\t\t\t\t\t\t\t\t\t\t\t<div class=\"block-bg-overlay style-color-xsdn-bg\" style=\"opacity: 0.4;\"><\/div>\n\t\t\t\t\t\t\t\t\t\t\t<\/div>\n\t\t\t\t\t\t\t\t\t\t<\/div><div class=\"row unequal col-double-gutter triple-top-padding single-bottom-padding exa-h-padding full-width row-parent\"><div class=\"wpb_row row-inner\"><div class=\"wpb_column pos-middle pos-center align_left column_parent col-lg-12 half-internal-gutter\"><div class=\"uncol style-light\"  ><div class=\"uncoltable\"><div class=\"uncell no-block-padding\" ><div class=\"uncont\" ><div class=\"uncode_text_column\" ><div class=\"tmm tmm_board-members\"><div class=\"tmm_3_columns tmm_wrap tmm_plugin_f\"><span class=\"tmm_two_containers_tablet\"><\/span><div class=\"tmm_container\"><div class=\"tmm_member\" style=\"border-top:#333333 solid 5px;\"><div class=\"tmm_photo tmm_pic_board-members_0\" style=\"background: url(https:\/\/cag-acg.info\/wp-content\/uploads\/2026\/05\/image-profile.webp); margin-left: auto; margin-right:auto; background-size:cover !important;\"><\/div><div class=\"tmm_textblock\"><div class=\"tmm_names\"><span class=\"tmm_fname\">Christopher<\/span> <span class=\"tmm_lname\">Hewitt<\/span><\/div><div class=\"tmm_job\">(2023-2026)<\/div><div class=\"tmm_desc\" style=\"text-align:\"><p>University of Western Ontario<\/p><\/div><div class=\"tmm_scblock\"><\/div><\/div><\/div><div class=\"tmm_member\" style=\"border-top:#333333 solid 5px;\"><div class=\"tmm_photo tmm_pic_board-members_1\" style=\"background: url(https:\/\/cag-acg.info\/wp-content\/uploads\/2026\/05\/image-profile.webp); margin-left: auto; margin-right:auto; background-size:cover !important;\"><\/div><div class=\"tmm_textblock\"><div class=\"tmm_names\"><span class=\"tmm_fname\">Deondre<\/span> <span class=\"tmm_lname\">Smiles<\/span><\/div><div class=\"tmm_desc\" style=\"text-align:\"><p>(2023-2026)<\/p><\/div><div class=\"tmm_scblock\"><\/div><\/div><\/div><span class=\"tmm_two_containers_tablet\"><\/span><div class=\"tmm_member\" style=\"border-top:#333333 solid 5px;\"><div class=\"tmm_photo tmm_pic_board-members_2\" style=\"background: url(https:\/\/cag-acg.info\/wp-content\/uploads\/2026\/05\/image-profile.webp); margin-left: auto; margin-right:auto; background-size:cover !important;\"><\/div><div class=\"tmm_textblock\"><div class=\"tmm_names\"><span class=\"tmm_fname\">Jenna<\/span> <span class=\"tmm_lname\">Dixon<\/span><\/div><div class=\"tmm_job\">(2024-2027)<\/div><div class=\"tmm_desc\" style=\"text-align:\"><p>University of British Columbia\u00a0<\/p><\/div><div class=\"tmm_scblock\"><\/div><\/div><\/div><\/div><span class=\"tmm_columns_containers_desktop\"><\/span><div class=\"tmm_container\"><div class=\"tmm_member\" style=\"border-top:#333333 solid 5px;\"><div class=\"tmm_photo tmm_pic_board-members_3\" style=\"background: url(https:\/\/cag-acg.info\/wp-content\/uploads\/2026\/05\/image-profile.webp); margin-left: auto; margin-right:auto; background-size:cover !important;\"><\/div><div class=\"tmm_textblock\"><div class=\"tmm_names\"><span class=\"tmm_fname\">Ben<\/span> <span class=\"tmm_lname\">Woodward<\/span><\/div><div class=\"tmm_job\">Anglophone Student Councillor (2025-2027)<\/div><div class=\"tmm_desc\" style=\"text-align:\"><p>University of Waterloo<\/p><\/div><div class=\"tmm_scblock\"><\/div><\/div><\/div><span class=\"tmm_two_containers_tablet\"><\/span><div class=\"tmm_member\" style=\"border-top:#333333 solid 5px;\"><div class=\"tmm_photo tmm_pic_board-members_4\" style=\"background: url(https:\/\/cag-acg.info\/wp-content\/uploads\/2026\/05\/image-profile.webp); margin-left: auto; margin-right:auto; background-size:cover !important;\"><\/div><div class=\"tmm_textblock\"><div class=\"tmm_names\"><span class=\"tmm_fname\">Francophone Student Councillor<\/span> <\/div><div class=\"tmm_job\">(2026-2028)<\/div><div class=\"tmm_scblock\"><\/div><\/div><\/div><div style=\"clear:both;\"><\/div><\/div><\/div><\/div>\n<\/div><\/div><\/div><\/div><\/div><\/div><script id=\"script-row-unique-6\" data-row=\"script-row-unique-6\" type=\"text\/javascript\" class=\"vc_controls\">UNCODE.initRow(document.getElementById(\"row-unique-6\"));<\/script><\/div><\/div><\/div><div data-parent=\"true\" class=\"vc_row row-container\" id=\"row-unique-7\"><div class=\"row-background background-element\">\n\t\t\t\t\t\t\t\t\t\t\t<div class=\"background-wrapper\">\n\t\t\t\t\t\t\t\t\t\t\t\t<div class=\"background-inner\" style=\"background-image: url(https:\/\/cag-acg.info\/wp-content\/uploads\/2026\/04\/eiwcd0414xq.jpg);background-repeat: no-repeat;background-position: left top;background-attachment: scroll;background-size: cover;\"><\/div>\n\t\t\t\t\t\t\t\t\t\t\t\t<div class=\"block-bg-overlay style-color-navy-bg\" style=\"opacity: 0.62;\"><\/div>\n\t\t\t\t\t\t\t\t\t\t\t<\/div>\n\t\t\t\t\t\t\t\t\t\t<\/div><div class=\"row unequal col-double-gutter quad-top-padding quad-bottom-padding exa-h-padding full-width row-parent\" data-height-ratio=\"50\"><div class=\"wpb_row row-inner\"><div class=\"wpb_column pos-middle pos-center align_center column_parent col-lg-12 single-internal-gutter\"><div class=\"uncol style-spec style-dark\"  ><div class=\"uncoltable\"><div class=\"uncell no-block-padding\" ><div class=\"uncont\" ><div class=\"vc_custom_heading_wrap\"><div class=\"heading-text el-text\" ><h6 class=\"h6 fontspace-636621 text-color-wheat-color text-uppercase\" ><span>Rejoignez la communaut\u00e9<\/span><\/h6><\/div><div class=\"clear\"><\/div><\/div><div class=\"vc_custom_heading_wrap\"><div class=\"heading-text el-text\" ><h3 class=\"fontsize-60\" ><span>Faites partie du futur de la g\u00e9ographie<\/span><\/h3><\/div><div class=\"clear\"><\/div><\/div><div class=\"vc_custom_heading_wrap\"><div class=\"heading-text el-text\" ><h4 class=\"h4\" ><span><span style=\"font-weight: 400;\">Que vous soyez \u00e9tudiant, \u00e9ducateur, chercheur ou professionnel, le CAG offre des opportunit\u00e9s de connexion, d'apprentissage et de contribution.<\/span><\/span><\/h4><\/div><div class=\"clear\"><\/div><\/div><div class=\"empty-space empty-double\" ><span class=\"empty-space-inner\"><\/span><\/div>\n<span class=\"btn-container btn-inline\" ><a role=\"button\"  href=\"#\" class=\"custom-link btn border-width-0 btn-accent btn-shadow btn-icon-left\" target=\"_blank\"><i class=\"fa fa-user\"><\/i>Rejoignez le CAG<\/a><\/span><span class=\"btn-container btn-inline\" ><a role=\"button\"  href=\"#\" class=\"custom-link btn border-width-0 btn-color-ocean btn-shadow btn-icon-left\" target=\"_blank\"><i class=\"fa fa-heart\"><\/i>Faire un don<\/a><\/span><\/div><\/div><\/div><\/div><\/div><script id=\"script-row-unique-7\" data-row=\"script-row-unique-7\" type=\"text\/javascript\" class=\"vc_controls\">UNCODE.initRow(document.getElementById(\"row-unique-7\"));<\/script><\/div><\/div><\/div>\n<\/div>","protected":false},"excerpt":{"rendered":"","protected":false},"author":2,"featured_media":0,"parent":0,"menu_order":0,"comment_status":"closed","ping_status":"closed","template":"","meta":{"give_campaign_id":0,"footnotes":""},"class_list":["post-172091","page","type-page","status-publish","hentry"],"campaignId":"","_links":{"self":[{"href":"https:\/\/cag-acg.info\/fr\/wp-json\/wp\/v2\/pages\/172091","targetHints":{"allow":["GET"]}}],"collection":[{"href":"https:\/\/cag-acg.info\/fr\/wp-json\/wp\/v2\/pages"}],"about":[{"href":"https:\/\/cag-acg.info\/fr\/wp-json\/wp\/v2\/types\/page"}],"author":[{"embeddable":true,"href":"https:\/\/cag-acg.info\/fr\/wp-json\/wp\/v2\/users\/2"}],"replies":[{"embeddable":true,"href":"https:\/\/cag-acg.info\/fr\/wp-json\/wp\/v2\/comments?post=172091"}],"version-history":[{"count":0,"href":"https:\/\/cag-acg.info\/fr\/wp-json\/wp\/v2\/pages\/172091\/revisions"}],"wp:attachment":[{"href":"https:\/\/cag-acg.info\/fr\/wp-json\/wp\/v2\/media?parent=172091"}],"curies":[{"name":"wp","href":"https:\/\/api.w.org\/{rel}","templated":true}]}}