{"id":172141,"date":"2026-05-06T00:56:30","date_gmt":"2026-05-06T04:56:30","guid":{"rendered":"https:\/\/cag-acg.info\/?page_id=172141"},"modified":"2026-05-07T17:24:05","modified_gmt":"2026-05-07T21:24:05","slug":"mission-vision","status":"publish","type":"page","link":"https:\/\/cag-acg.info\/fr\/mission-vision\/","title":{"rendered":"Mission et vision"},"content":{"rendered":"<div class=\"wpb-content-wrapper\"><div data-parent=\"true\" class=\"vc_row row-container\" id=\"row-unique-0\"><div class=\"row-background background-element\">\n\t\t\t\t\t\t\t\t\t\t\t<div class=\"background-wrapper\">\n\t\t\t\t\t\t\t\t\t\t\t\t<div class=\"background-inner\" style=\"background-image: url(https:\/\/cag-acg.info\/wp-content\/uploads\/2026\/05\/hs4rxtyvs_m.jpg);background-repeat: no-repeat;background-position: center center;background-attachment: scroll;background-size: cover;\"><\/div>\n\t\t\t\t\t\t\t\t\t\t\t\t<div class=\"block-bg-overlay style-color-navy-bg\" style=\"opacity: 0.5;\"><\/div>\n\t\t\t\t\t\t\t\t\t\t\t<\/div>\n\t\t\t\t\t\t\t\t\t\t<\/div><div class=\"row triple-top-padding triple-bottom-padding quad-h-padding full-width row-parent\"><div class=\"wpb_row row-inner\"><div class=\"wpb_column pos-top pos-center align_left column_parent col-lg-12 half-internal-gutter\"><div class=\"uncol style-spec style-dark\"  ><div class=\"uncoltable\"><div class=\"uncell no-block-padding\" ><div class=\"uncont\" ><div class=\"vc_custom_heading_wrap\"><div class=\"heading-text el-text\" ><h1 class=\"h4 text-uppercase\" ><span><b>Our Purpose<\/b><\/span><\/h1><\/div><div class=\"clear\"><\/div><\/div><div class=\"vc_custom_heading_wrap\"><div class=\"heading-text el-text\" ><h1 class=\"h1\" ><span><b>Mission &amp; Vision<\/b><\/span><\/h1><\/div><div class=\"clear\"><\/div><\/div><\/div><\/div><\/div><\/div><\/div><script id=\"script-row-unique-0\" data-row=\"script-row-unique-0\" type=\"text\/javascript\" class=\"vc_controls\">UNCODE.initRow(document.getElementById(\"row-unique-0\"));<\/script><\/div><\/div><\/div><div data-parent=\"true\" class=\"vc_row row-container\" id=\"row-unique-1\"><div class=\"row-background background-element\">\n\t\t\t\t\t\t\t\t\t\t\t<div class=\"background-wrapper\">\n\t\t\t\t\t\t\t\t\t\t\t\t<div class=\"background-inner\" style=\"background-image: url(https:\/\/cag-acg.info\/wp-content\/uploads\/2026\/04\/topography-1.png);background-repeat: repeat;background-position: center center;background-attachment: scroll;background-size: 30%;\"><\/div>\n\t\t\t\t\t\t\t\t\t\t\t\t<div class=\"block-bg-overlay style-color-xsdn-bg\" style=\"opacity: 0.4;\"><\/div>\n\t\t\t\t\t\t\t\t\t\t\t<\/div>\n\t\t\t\t\t\t\t\t\t\t<\/div><div class=\"row unequal col-double-gutter triple-top-padding no-bottom-padding exa-h-padding full-width row-parent\"><div class=\"wpb_row row-inner\"><div class=\"wpb_column pos-middle pos-center align_left column_parent col-lg-12 half-internal-gutter\"><div class=\"uncol style-light\"  ><div class=\"uncoltable\"><div class=\"uncell no-block-padding\" ><div class=\"uncont\" ><div class=\"vc_custom_heading_wrap\"><div class=\"heading-text el-text\" ><h6 class=\"h6 fontspace-636621 text-color-ocean-color text-uppercase\" ><span>Advancing Geography Across Canada<\/span><\/h6><\/div><div class=\"clear\"><\/div><\/div><div class=\"vc_custom_heading_wrap\"><div class=\"heading-text el-text\" ><h3 class=\"h2\" ><span>Our Commitments &amp; Core Objectives<\/span><\/h3><\/div><div class=\"clear\"><\/div><\/div><div class=\"uncode_text_column\" ><\/p>\n<h4>The Canadian Association of Geographers is dedicated to strengthening the discipline of geography through research dissemination, educational advancement, professional recognition, and national and international collaboration.<\/h4>\n<p>\n<\/div><div class=\"uncode_text_column\" ><p>Through its publications, academic initiatives, partnerships, and member services, the CAG supports geographers at every stage of their careers while promoting the importance of geography in education, research, and society.<\/p>\n<\/div><div class=\"empty-space empty-double\" ><span class=\"empty-space-inner\"><\/span><\/div>\n<\/div><\/div><\/div><\/div><\/div><script id=\"script-row-unique-1\" data-row=\"script-row-unique-1\" type=\"text\/javascript\" class=\"vc_controls\">UNCODE.initRow(document.getElementById(\"row-unique-1\"));<\/script><\/div><\/div><\/div><div data-parent=\"true\" class=\"vc_row row-container\" id=\"row-unique-2\"><div class=\"row-background background-element\">\n\t\t\t\t\t\t\t\t\t\t\t<div class=\"background-wrapper\">\n\t\t\t\t\t\t\t\t\t\t\t\t<div class=\"background-inner\" style=\"background-image: url(https:\/\/cag-acg.info\/wp-content\/uploads\/2026\/04\/topography-1.png);background-repeat: repeat;background-position: center center;background-attachment: scroll;background-size: 30%;\"><\/div>\n\t\t\t\t\t\t\t\t\t\t\t\t<div class=\"block-bg-overlay style-color-xsdn-bg\" style=\"opacity: 0.4;\"><\/div>\n\t\t\t\t\t\t\t\t\t\t\t<\/div>\n\t\t\t\t\t\t\t\t\t\t<\/div><div class=\"row unequal col-double-gutter no-top-padding no-bottom-padding exa-h-padding full-width row-parent\"><div class=\"wpb_row row-inner\"><div class=\"wpb_column pos-middle pos-center align_left column_parent col-lg-8 half-internal-gutter\"><div class=\"uncol style-light\"  ><div class=\"uncoltable\"><div class=\"uncell no-block-padding\" ><div class=\"uncont\" ><div class=\"uncode_text_column\" ><\/p>\n<ol>\n<li>\n<h3>Dissemination of Geographic Research<\/h3>\n<p>Through <em>The Canadian Geographer<\/em> and the presentation of papers at national and regional meetings, the CAG is committed to the dissemination of geographic research.<\/li>\n<li>\n<h3>Promotion of Geographic Education at All Levels<\/h3>\n<p>Through the CAG Education Committee, individual members\u2019 support of Summer Institutes for Geographic Education, the \u201cGreat Canadian Geography Challenge,\u201d and the monitoring of geography at colleges and universities across Canada, the CAG is committed to the promotion of geographic education at all levels.<\/li>\n<li>\n<h3>Recognition of Geographic Excellence<\/h3>\n<p>Through the CAG awards for scholarship, service, contributions to the public and private sector, teaching excellence, and undergraduate scholarship, the CAG is committed to the recognition of geographic excellence.<\/li>\n<\/ol>\n<p>\n<\/div><\/div><\/div><\/div><\/div><\/div><div class=\"wpb_column pos-top pos-center align_left column_parent col-lg-4 single-internal-gutter\"><div class=\"uncol style-light\"  ><div class=\"uncoltable\"><div class=\"uncell no-block-padding\" ><div class=\"uncont\" ><div class=\"empty-space empty-single\" ><span class=\"empty-space-inner\"><\/span><\/div>\n<div class=\"uncode-single-media  text-left\"><div class=\"single-wrapper\" style=\"max-width: 100%;\"><div class=\"tmb tmb-light  tmb-media-first tmb-media-last tmb-content-overlay tmb-no-bg\"><div class=\"t-inside\"><div class=\"t-entry-visual\"><div class=\"t-entry-visual-tc\"><div class=\"uncode-single-media-wrapper\"><img decoding=\"async\" class=\"wp-image-172151\" src=\"https:\/\/cag-acg.info\/wp-content\/uploads\/2026\/05\/cag-image-1.png\" width=\"1080\" height=\"1350\" alt=\"\" srcset=\"https:\/\/cag-acg.info\/wp-content\/uploads\/2026\/05\/cag-image-1.png 1080w, https:\/\/cag-acg.info\/wp-content\/uploads\/2026\/05\/cag-image-1-240x300.png 240w, https:\/\/cag-acg.info\/wp-content\/uploads\/2026\/05\/cag-image-1-819x1024.png 819w, https:\/\/cag-acg.info\/wp-content\/uploads\/2026\/05\/cag-image-1-768x960.png 768w, https:\/\/cag-acg.info\/wp-content\/uploads\/2026\/05\/cag-image-1-10x12.png 10w, https:\/\/cag-acg.info\/wp-content\/uploads\/2026\/05\/cag-image-1-350x438.png 350w, https:\/\/cag-acg.info\/wp-content\/uploads\/2026\/05\/cag-image-1-uai-720x900.png 720w, https:\/\/cag-acg.info\/wp-content\/uploads\/2026\/05\/cag-image-1-uai-1032x1290.png 1032w\" sizes=\"(max-width: 1080px) 100vw, 1080px\" \/><\/div>\n\t\t\t\t\t<\/div>\n\t\t\t\t<\/div><\/div><\/div><\/div><\/div><\/div><\/div><\/div><\/div><\/div><script id=\"script-row-unique-2\" data-row=\"script-row-unique-2\" type=\"text\/javascript\" class=\"vc_controls\">UNCODE.initRow(document.getElementById(\"row-unique-2\"));<\/script><\/div><\/div><\/div><div data-parent=\"true\" class=\"vc_row row-container\" id=\"row-unique-3\"><div class=\"row-background background-element\">\n\t\t\t\t\t\t\t\t\t\t\t<div class=\"background-wrapper\">\n\t\t\t\t\t\t\t\t\t\t\t\t<div class=\"background-inner\" style=\"background-image: url(https:\/\/cag-acg.info\/wp-content\/uploads\/2026\/04\/topography-1.png);background-repeat: repeat;background-position: center center;background-attachment: scroll;background-size: 30%;\"><\/div>\n\t\t\t\t\t\t\t\t\t\t\t\t<div class=\"block-bg-overlay style-color-xsdn-bg\" style=\"opacity: 0.4;\"><\/div>\n\t\t\t\t\t\t\t\t\t\t\t<\/div>\n\t\t\t\t\t\t\t\t\t\t<\/div><div class=\"row unequal col-double-gutter no-top-padding quad-bottom-padding exa-h-padding full-width row-parent\"><div class=\"wpb_row row-inner\"><div class=\"wpb_column pos-middle pos-center align_left column_parent col-lg-12 half-internal-gutter\"><div class=\"uncol style-light\"  ><div class=\"uncoltable\"><div class=\"uncell no-block-padding\" ><div class=\"uncont\" ><div class=\"uncode_text_column\" ><\/p>\n<ol start=\"4\">\n<li>\n<h3>Increased Cooperation with Other National and International Geographic Organizations<\/h3>\n<p>Through associate membership agreements with l&#8217;association professionelle des g\u00e9ographes du Qu\u00e9bec, the Association of American Geographers, and the Institute of British Geographers; the Canadian Association of Geographers\/Royal Canadian Geographical Society corresponding membership agreement; and membership in the International Geographical Union, the CAG is committed to working with other geographic associations to promote geography as a key discipline in education, research, and the public and private sectors nationally and internationally.<\/li>\n<li>\n<h3>Increased Participation in National Interdisciplinary Organizations<\/h3>\n<p>Through membership in the Humanities and Social Science Federation of Canada and the Canadian Federation of Earth Sciences, the CAG is committed to working with related disciplinary interest groups to promote the importance of scholarship and research in Canada.<\/li>\n<li>\n<h3>Improved Service to the Membership<\/h3>\n<p>Through the CAG Newsletter, the website, the CAG Directory, associate membership agreements, membership in national and international organizations, publishers\u2019 discounts, and the organization of regional and national meetings, the CAG is committed to providing the highest level of service possible to all geographers, whether they are students, teachers, professors, employed in the public or private sector, retired, or non-waged.<\/li>\n<\/ol>\n<p><strong>Approved by the Executive Committee of the CAG \u2014 1996.<\/strong><\/p>\n<\/div><\/div><\/div><\/div><\/div><\/div><script id=\"script-row-unique-3\" data-row=\"script-row-unique-3\" type=\"text\/javascript\" class=\"vc_controls\">UNCODE.initRow(document.getElementById(\"row-unique-3\"));<\/script><\/div><\/div><\/div><div data-parent=\"true\" class=\"vc_row row-container\" id=\"row-unique-4\"><div class=\"row-background background-element\">\n\t\t\t\t\t\t\t\t\t\t\t<div class=\"background-wrapper\">\n\t\t\t\t\t\t\t\t\t\t\t\t<div class=\"background-inner\" style=\"background-image: url(https:\/\/cag-acg.info\/wp-content\/uploads\/2026\/04\/eiwcd0414xq.jpg);background-repeat: no-repeat;background-position: left top;background-attachment: scroll;background-size: cover;\"><\/div>\n\t\t\t\t\t\t\t\t\t\t\t\t<div class=\"block-bg-overlay style-color-navy-bg\" style=\"opacity: 0.62;\"><\/div>\n\t\t\t\t\t\t\t\t\t\t\t<\/div>\n\t\t\t\t\t\t\t\t\t\t<\/div><div class=\"row unequal col-double-gutter quad-top-padding quad-bottom-padding exa-h-padding full-width row-parent\" data-height-ratio=\"50\"><div class=\"wpb_row row-inner\"><div class=\"wpb_column pos-middle pos-center align_center column_parent col-lg-12 single-internal-gutter\"><div class=\"uncol style-spec style-dark\"  ><div class=\"uncoltable\"><div class=\"uncell no-block-padding\" ><div class=\"uncont\" ><div class=\"vc_custom_heading_wrap\"><div class=\"heading-text el-text\" ><h6 class=\"h6 fontspace-636621 text-color-wheat-color text-uppercase\" ><span>Rejoignez la communaut\u00e9<\/span><\/h6><\/div><div class=\"clear\"><\/div><\/div><div class=\"vc_custom_heading_wrap\"><div class=\"heading-text el-text\" ><h3 class=\"fontsize-60\" ><span>Faites partie du futur de la g\u00e9ographie<\/span><\/h3><\/div><div class=\"clear\"><\/div><\/div><div class=\"vc_custom_heading_wrap\"><div class=\"heading-text el-text\" ><h4 class=\"h4\" ><span><span style=\"font-weight: 400;\">Que vous soyez \u00e9tudiant, \u00e9ducateur, chercheur ou professionnel, le CAG offre des opportunit\u00e9s de connexion, d'apprentissage et de contribution.<\/span><\/span><\/h4><\/div><div class=\"clear\"><\/div><\/div><div class=\"empty-space empty-double\" ><span class=\"empty-space-inner\"><\/span><\/div>\n<span class=\"btn-container btn-inline\" ><a role=\"button\"  href=\"#\" class=\"custom-link btn border-width-0 btn-accent btn-shadow btn-icon-left\" target=\"_blank\"><i class=\"fa fa-user\"><\/i>Rejoignez le CAG<\/a><\/span><span class=\"btn-container btn-inline\" ><a role=\"button\"  href=\"#\" class=\"custom-link btn border-width-0 btn-color-ocean btn-shadow btn-icon-left\" target=\"_blank\"><i class=\"fa fa-heart\"><\/i>Faire un don<\/a><\/span><\/div><\/div><\/div><\/div><\/div><script id=\"script-row-unique-4\" data-row=\"script-row-unique-4\" type=\"text\/javascript\" class=\"vc_controls\">UNCODE.initRow(document.getElementById(\"row-unique-4\"));<\/script><\/div><\/div><\/div>\n<\/div>","protected":false},"excerpt":{"rendered":"Our PurposeMission &amp; Vision Advancing Geography Across CanadaOur Commitments &amp; Core ObjectivesThe Canadian Association of Geographers is dedicated to strengthening [...]","protected":false},"author":2,"featured_media":0,"parent":0,"menu_order":0,"comment_status":"closed","ping_status":"closed","template":"","meta":{"give_campaign_id":0,"footnotes":""},"class_list":["post-172141","page","type-page","status-publish","hentry"],"campaignId":"","_links":{"self":[{"href":"https:\/\/cag-acg.info\/fr\/wp-json\/wp\/v2\/pages\/172141","targetHints":{"allow":["GET"]}}],"collection":[{"href":"https:\/\/cag-acg.info\/fr\/wp-json\/wp\/v2\/pages"}],"about":[{"href":"https:\/\/cag-acg.info\/fr\/wp-json\/wp\/v2\/types\/page"}],"author":[{"embeddable":true,"href":"https:\/\/cag-acg.info\/fr\/wp-json\/wp\/v2\/users\/2"}],"replies":[{"embeddable":true,"href":"https:\/\/cag-acg.info\/fr\/wp-json\/wp\/v2\/comments?post=172141"}],"version-history":[{"count":0,"href":"https:\/\/cag-acg.info\/fr\/wp-json\/wp\/v2\/pages\/172141\/revisions"}],"wp:attachment":[{"href":"https:\/\/cag-acg.info\/fr\/wp-json\/wp\/v2\/media?parent=172141"}],"curies":[{"name":"wp","href":"https:\/\/api.w.org\/{rel}","templated":true}]}}