{"id":172175,"date":"2026-05-06T17:05:55","date_gmt":"2026-05-06T21:05:55","guid":{"rendered":"https:\/\/cag-acg.info\/?page_id=172175"},"modified":"2026-05-07T19:03:46","modified_gmt":"2026-05-07T23:03:46","slug":"western-division","status":"publish","type":"page","link":"https:\/\/cag-acg.info\/fr\/western-division\/","title":{"rendered":"Western Division"},"content":{"rendered":"<div class=\"wpb-content-wrapper\"><div data-parent=\"true\" class=\"vc_row row-container\" id=\"row-unique-0\"><div class=\"row-background background-element\">\n\t\t\t\t\t\t\t\t\t\t\t<div class=\"background-wrapper\">\n\t\t\t\t\t\t\t\t\t\t\t\t<div class=\"background-inner\" style=\"background-image: url(https:\/\/cag-acg.info\/wp-content\/uploads\/2026\/05\/Western-Division.png);background-repeat: no-repeat;background-position: center center;background-attachment: scroll;background-size: cover;\"><\/div>\n\t\t\t\t\t\t\t\t\t\t\t\t<div class=\"block-bg-overlay style-color-navy-bg\" style=\"opacity: 0.5;\"><\/div>\n\t\t\t\t\t\t\t\t\t\t\t<\/div>\n\t\t\t\t\t\t\t\t\t\t<\/div><div class=\"row triple-top-padding triple-bottom-padding quad-h-padding full-width row-parent\"><div class=\"wpb_row row-inner\"><div class=\"wpb_column pos-top pos-center align_left column_parent col-lg-12 half-internal-gutter\"><div class=\"uncol style-spec style-dark\"  ><div class=\"uncoltable\"><div class=\"uncell no-block-padding\" ><div class=\"uncont\" ><div class=\"vc_custom_heading_wrap\"><div class=\"heading-text el-text\" ><\/div><div class=\"clear\"><\/div><\/div><div class=\"vc_custom_heading_wrap\"><div class=\"heading-text el-text\" ><h1 class=\"h1\" ><span>Western Division<\/span><\/h1><\/div><div class=\"clear\"><\/div><\/div><\/div><\/div><\/div><\/div><\/div><script id=\"script-row-unique-0\" data-row=\"script-row-unique-0\" type=\"text\/javascript\" class=\"vc_controls\">UNCODE.initRow(document.getElementById(\"row-unique-0\"));<\/script><\/div><\/div><\/div><div data-parent=\"true\" class=\"vc_row row-container\" id=\"row-unique-1\"><div class=\"row-background background-element\">\n\t\t\t\t\t\t\t\t\t\t\t<div class=\"background-wrapper\">\n\t\t\t\t\t\t\t\t\t\t\t\t<div class=\"background-inner\" style=\"background-image: url(https:\/\/cag-acg.info\/wp-content\/uploads\/2026\/04\/topography-1.png);background-repeat: repeat;background-position: center center;background-attachment: scroll;background-size: 30%;\"><\/div>\n\t\t\t\t\t\t\t\t\t\t\t\t<div class=\"block-bg-overlay style-color-xsdn-bg\" style=\"opacity: 0.4;\"><\/div>\n\t\t\t\t\t\t\t\t\t\t\t<\/div>\n\t\t\t\t\t\t\t\t\t\t<\/div><div class=\"row unequal col-double-gutter triple-top-padding quad-bottom-padding exa-h-padding full-width row-parent\"><div class=\"wpb_row row-inner\"><div class=\"wpb_column pos-middle pos-center align_left column_parent col-lg-12 half-internal-gutter\"><div class=\"uncol style-light\"  ><div class=\"uncoltable\"><div class=\"uncell no-block-padding\" ><div class=\"uncont\" ><div class=\"vc_custom_heading_wrap\"><div class=\"heading-text el-text\" ><h6 class=\"h6 fontspace-636621 text-color-ocean-color text-uppercase\" ><span>Divisions r\u00e9gionales<\/span><\/h6><\/div><div class=\"clear\"><\/div><\/div><div class=\"vc_custom_heading_wrap\"><div class=\"heading-text el-text\" ><h3 class=\"h2\" ><span>Visit the Western Division Website<\/span><\/h3><\/div><div class=\"clear\"><\/div><\/div><div class=\"uncode_text_column\" ><\/p>\n<p class=\"isSelectedEnd\">The Western Division of the Canadian Association of Geographers supports geographic scholarship, collaboration, and academic exchange across Western Canada. The division brings together geographers, researchers, educators, and students through regional meetings, publications, conferences, and professional networking opportunities.<\/p>\n<p>The Western Division website includes information on annual meetings, publications such as <em>Western Geography<\/em>, awards, executive members, academic departments, and additional regional resources. Members and visitors can explore upcoming events, access publications, and stay connected with geographic initiatives and research happening throughout the region.<\/p>\n<\/div><span class=\"btn-container\" ><a role=\"button\"  href=\"https:\/\/wdcag.uvic.ca\" class=\"custom-link btn border-width-0 btn-default btn-icon-left\" target=\"_blank\"><i class=\"fa fa-external-link-square\"><\/i>Western Division Website<\/a><\/span><\/div><\/div><\/div><\/div><\/div><script id=\"script-row-unique-1\" data-row=\"script-row-unique-1\" type=\"text\/javascript\" class=\"vc_controls\">UNCODE.initRow(document.getElementById(\"row-unique-1\"));<\/script><\/div><\/div><\/div><div data-parent=\"true\" class=\"vc_row row-container\" id=\"row-unique-2\"><div class=\"row-background background-element\">\n\t\t\t\t\t\t\t\t\t\t\t<div class=\"background-wrapper\">\n\t\t\t\t\t\t\t\t\t\t\t\t<div class=\"background-inner\" style=\"background-image: url(https:\/\/cag-acg.info\/wp-content\/uploads\/2026\/04\/eiwcd0414xq.jpg);background-repeat: no-repeat;background-position: left top;background-attachment: scroll;background-size: cover;\"><\/div>\n\t\t\t\t\t\t\t\t\t\t\t\t<div class=\"block-bg-overlay style-color-navy-bg\" style=\"opacity: 0.62;\"><\/div>\n\t\t\t\t\t\t\t\t\t\t\t<\/div>\n\t\t\t\t\t\t\t\t\t\t<\/div><div class=\"row unequal col-double-gutter quad-top-padding quad-bottom-padding exa-h-padding full-width row-parent\" data-height-ratio=\"50\"><div class=\"wpb_row row-inner\"><div class=\"wpb_column pos-middle pos-center align_center column_parent col-lg-12 single-internal-gutter\"><div class=\"uncol style-spec style-dark\"  ><div class=\"uncoltable\"><div class=\"uncell no-block-padding\" ><div class=\"uncont\" ><div class=\"vc_custom_heading_wrap\"><div class=\"heading-text el-text\" ><h6 class=\"h6 fontspace-636621 text-color-wheat-color text-uppercase\" ><span>Rejoignez la communaut\u00e9<\/span><\/h6><\/div><div class=\"clear\"><\/div><\/div><div class=\"vc_custom_heading_wrap\"><div class=\"heading-text el-text\" ><h3 class=\"fontsize-60\" ><span>Faites partie du futur de la g\u00e9ographie<\/span><\/h3><\/div><div class=\"clear\"><\/div><\/div><div class=\"vc_custom_heading_wrap\"><div class=\"heading-text el-text\" ><h4 class=\"h4\" ><span><span style=\"font-weight: 400;\">Que vous soyez \u00e9tudiant, \u00e9ducateur, chercheur ou professionnel, le CAG offre des opportunit\u00e9s de connexion, d'apprentissage et de contribution.<\/span><\/span><\/h4><\/div><div class=\"clear\"><\/div><\/div><div class=\"empty-space empty-double\" ><span class=\"empty-space-inner\"><\/span><\/div>\n<span class=\"btn-container btn-inline\" ><a role=\"button\"  href=\"#\" class=\"custom-link btn border-width-0 btn-accent btn-shadow btn-icon-left\" target=\"_blank\"><i class=\"fa fa-user\"><\/i>Rejoignez le CAG<\/a><\/span><span class=\"btn-container btn-inline\" ><a role=\"button\"  href=\"#\" class=\"custom-link btn border-width-0 btn-color-ocean btn-shadow btn-icon-left\" target=\"_blank\"><i class=\"fa fa-heart\"><\/i>Faire un don<\/a><\/span><\/div><\/div><\/div><\/div><\/div><script id=\"script-row-unique-2\" data-row=\"script-row-unique-2\" type=\"text\/javascript\" class=\"vc_controls\">UNCODE.initRow(document.getElementById(\"row-unique-2\"));<\/script><\/div><\/div><\/div>\n<\/div>","protected":false},"excerpt":{"rendered":"Western Division Regional DivisionsVisit the Western Division WebsiteThe Western Division of the Canadian Association of Geographers supports geographic scholarship, collaboration, [...]","protected":false},"author":1,"featured_media":0,"parent":0,"menu_order":0,"comment_status":"closed","ping_status":"closed","template":"","meta":{"give_campaign_id":0,"footnotes":""},"class_list":["post-172175","page","type-page","status-publish","hentry"],"campaignId":"","_links":{"self":[{"href":"https:\/\/cag-acg.info\/fr\/wp-json\/wp\/v2\/pages\/172175","targetHints":{"allow":["GET"]}}],"collection":[{"href":"https:\/\/cag-acg.info\/fr\/wp-json\/wp\/v2\/pages"}],"about":[{"href":"https:\/\/cag-acg.info\/fr\/wp-json\/wp\/v2\/types\/page"}],"author":[{"embeddable":true,"href":"https:\/\/cag-acg.info\/fr\/wp-json\/wp\/v2\/users\/1"}],"replies":[{"embeddable":true,"href":"https:\/\/cag-acg.info\/fr\/wp-json\/wp\/v2\/comments?post=172175"}],"version-history":[{"count":0,"href":"https:\/\/cag-acg.info\/fr\/wp-json\/wp\/v2\/pages\/172175\/revisions"}],"wp:attachment":[{"href":"https:\/\/cag-acg.info\/fr\/wp-json\/wp\/v2\/media?parent=172175"}],"curies":[{"name":"wp","href":"https:\/\/api.w.org\/{rel}","templated":true}]}}